{"id":336,"date":"2017-02-07T09:14:30","date_gmt":"2017-02-07T08:14:30","guid":{"rendered":"http:\/\/cylibrecjr.cluster020.hosting.ovh.net\/?page_id=336"},"modified":"2017-02-07T09:17:41","modified_gmt":"2017-02-07T08:17:41","slug":"produits-industriels","status":"publish","type":"page","link":"https:\/\/genie-eau.com\/?page_id=336","title":{"rendered":"Produits Industriels"},"content":{"rendered":"<section class=\"l-section wpb_row height_auto\"><div class=\"l-section-h i-cf\"><div class=\"g-cols offset_small\"><div class=\"vc_col-sm-12 wpb_column vc_column_container\"><div class=\"vc_column-inner\">\t<div class=\"w-portfolio style_16 cols_3 align_center ratio_1x1 with_indents\">\t<div class=\"w-portfolio-list\"><div class=\"w-portfolio-item industrie size_1x1\" data-id=\"217\" data-categories=\"industrie\">\r\n\t<a class=\"w-portfolio-item-anchor\" href=\"https:\/\/genie-eau.com\/?us_portfolio=filtration-a-cartouche\" style=\"background-color: #f4f4f4;color: #1b98e0;\">\r\n\t\t<div class=\"w-portfolio-item-image\" style=\"background-image: url(https:\/\/genie-eau.com\/wp-content\/uploads\/2017\/02\/8.jpg)\">\r\n\t\t\t<img src=\"https:\/\/genie-eau.com\/wp-content\/uploads\/2017\/02\/8.jpg\" width=\"270\" height=\"270\" alt=\"FILTRATION\" \/>\t\t<\/div>\r\n\t\t\t\t\t\t\t<div class=\"w-portfolio-item-meta\">\r\n\t\t\t\t<div class=\"w-portfolio-item-meta-h\">\r\n\t\t\t\t\t<h2 class=\"w-portfolio-item-title\">FILTRATION<\/h2>\t\t\t\t\t<span class=\"w-portfolio-item-arrow\"><\/span>\r\n\t\t\t\t<\/div>\r\n\t\t\t<\/div>\r\n\t\t\t<\/a>\r\n<\/div>\r\n<div class=\"w-portfolio-item industrie size_1x1\" data-id=\"232\" data-categories=\"industrie\">\r\n\t<a class=\"w-portfolio-item-anchor\" href=\"https:\/\/genie-eau.com\/?us_portfolio=filtration-sur-support\" style=\"background-color: #f4f4f4;color: #1b98e0;\">\r\n\t\t<div class=\"w-portfolio-item-image\" style=\"background-image: url(https:\/\/genie-eau.com\/wp-content\/uploads\/2017\/02\/9.jpg)\">\r\n\t\t\t<img src=\"https:\/\/genie-eau.com\/wp-content\/uploads\/2017\/02\/9.jpg\" width=\"532\" height=\"468\" alt=\"FILTRATION SUR SUPPORT\" \/>\t\t<\/div>\r\n\t\t\t\t\t\t\t<div class=\"w-portfolio-item-meta\">\r\n\t\t\t\t<div class=\"w-portfolio-item-meta-h\">\r\n\t\t\t\t\t<h2 class=\"w-portfolio-item-title\">FILTRATION SUR SUPPORT<\/h2>\t\t\t\t\t<span class=\"w-portfolio-item-arrow\"><\/span>\r\n\t\t\t\t<\/div>\r\n\t\t\t<\/div>\r\n\t\t\t<\/a>\r\n<\/div>\r\n<div class=\"w-portfolio-item industrie size_1x1\" data-id=\"237\" data-categories=\"industrie\">\r\n\t<a class=\"w-portfolio-item-anchor\" href=\"https:\/\/genie-eau.com\/?us_portfolio=microfiltration\" style=\"background-color: #f4f4f4;color: #1b98e0;\">\r\n\t\t<div class=\"w-portfolio-item-image\" style=\"background-image: url(https:\/\/genie-eau.com\/wp-content\/uploads\/2017\/02\/res.jpg)\">\r\n\t\t\t<img src=\"https:\/\/genie-eau.com\/wp-content\/uploads\/2017\/02\/res.jpg\" width=\"275\" height=\"183\" alt=\"MILIEUX FILTRANTS ET R\u00c9SINES\" \/>\t\t<\/div>\r\n\t\t\t\t\t\t\t<div class=\"w-portfolio-item-meta\">\r\n\t\t\t\t<div class=\"w-portfolio-item-meta-h\">\r\n\t\t\t\t\t<h2 class=\"w-portfolio-item-title\">MILIEUX FILTRANTS ET R\u00c9SINES<\/h2>\t\t\t\t\t<span class=\"w-portfolio-item-arrow\"><\/span>\r\n\t\t\t\t<\/div>\r\n\t\t\t<\/div>\r\n\t\t\t<\/a>\r\n<\/div>\r\n<div class=\"w-portfolio-item industrie size_1x1\" data-id=\"240\" data-categories=\"industrie\">\r\n\t<a class=\"w-portfolio-item-anchor\" href=\"https:\/\/genie-eau.com\/?us_portfolio=ultrafiltration\" style=\"background-color: #f4f4f4;color: #1b98e0;\">\r\n\t\t<div class=\"w-portfolio-item-image\" style=\"background-image: url(https:\/\/genie-eau.com\/wp-content\/uploads\/2017\/02\/12-600x438.jpg)\">\r\n\t\t\t<img src=\"https:\/\/genie-eau.com\/wp-content\/uploads\/2017\/02\/12-600x438.jpg\" width=\"600\" height=\"438\" alt=\"MICROFILTRATION &#038; ULTRAFILTRATION\" \/>\t\t<\/div>\r\n\t\t\t\t\t\t\t<div class=\"w-portfolio-item-meta\">\r\n\t\t\t\t<div class=\"w-portfolio-item-meta-h\">\r\n\t\t\t\t\t<h2 class=\"w-portfolio-item-title\">MICROFILTRATION &#038; ULTRAFILTRATION<\/h2>\t\t\t\t\t<span class=\"w-portfolio-item-arrow\"><\/span>\r\n\t\t\t\t<\/div>\r\n\t\t\t<\/div>\r\n\t\t\t<\/a>\r\n<\/div>\r\n<div class=\"w-portfolio-item industrie size_1x1\" data-id=\"249\" data-categories=\"industrie\">\r\n\t<a class=\"w-portfolio-item-anchor\" href=\"https:\/\/genie-eau.com\/?us_portfolio=adoucissement\" style=\"background-color: #f4f4f4;color: #1b98e0;\">\r\n\t\t<div class=\"w-portfolio-item-image\" style=\"background-image: url(https:\/\/genie-eau.com\/wp-content\/uploads\/2017\/02\/14.jpg)\">\r\n\t\t\t<img src=\"https:\/\/genie-eau.com\/wp-content\/uploads\/2017\/02\/14.jpg\" width=\"422\" height=\"538\" alt=\"ADOUCISSEMENT\" \/>\t\t<\/div>\r\n\t\t\t\t\t\t\t<div class=\"w-portfolio-item-meta\">\r\n\t\t\t\t<div class=\"w-portfolio-item-meta-h\">\r\n\t\t\t\t\t<h2 class=\"w-portfolio-item-title\">ADOUCISSEMENT<\/h2>\t\t\t\t\t<span class=\"w-portfolio-item-arrow\"><\/span>\r\n\t\t\t\t<\/div>\r\n\t\t\t<\/div>\r\n\t\t\t<\/a>\r\n<\/div>\r\n<div class=\"w-portfolio-item industrie size_1x1\" data-id=\"254\" data-categories=\"industrie\">\r\n\t<a class=\"w-portfolio-item-anchor\" href=\"https:\/\/genie-eau.com\/?us_portfolio=demineralisation\" style=\"background-color: #f4f4f4;color: #1b98e0;\">\r\n\t\t<div class=\"w-portfolio-item-image\" style=\"background-image: url(https:\/\/genie-eau.com\/wp-content\/uploads\/2017\/02\/demin-600x480.png)\">\r\n\t\t\t<img src=\"https:\/\/genie-eau.com\/wp-content\/uploads\/2017\/02\/demin-600x480.png\" width=\"600\" height=\"480\" alt=\"DEMINERALISATION\" \/>\t\t<\/div>\r\n\t\t\t\t\t\t\t<div class=\"w-portfolio-item-meta\">\r\n\t\t\t\t<div class=\"w-portfolio-item-meta-h\">\r\n\t\t\t\t\t<h2 class=\"w-portfolio-item-title\">DEMINERALISATION<\/h2>\t\t\t\t\t<span class=\"w-portfolio-item-arrow\"><\/span>\r\n\t\t\t\t<\/div>\r\n\t\t\t<\/div>\r\n\t\t\t<\/a>\r\n<\/div>\r\n<div class=\"w-portfolio-item industrie size_1x1\" data-id=\"258\" data-categories=\"industrie\">\r\n\t<a class=\"w-portfolio-item-anchor\" href=\"https:\/\/genie-eau.com\/?us_portfolio=dosage-des-produits-chimiques\" style=\"background-color: #f4f4f4;color: #1b98e0;\">\r\n\t\t<div class=\"w-portfolio-item-image\" style=\"background-image: url(https:\/\/genie-eau.com\/wp-content\/uploads\/2017\/02\/17.jpg)\">\r\n\t\t\t<img src=\"https:\/\/genie-eau.com\/wp-content\/uploads\/2017\/02\/17.jpg\" width=\"587\" height=\"587\" alt=\"DOSAGE DES PRODUITS CHIMIQUES\" \/>\t\t<\/div>\r\n\t\t\t\t\t\t\t<div class=\"w-portfolio-item-meta\">\r\n\t\t\t\t<div class=\"w-portfolio-item-meta-h\">\r\n\t\t\t\t\t<h2 class=\"w-portfolio-item-title\">DOSAGE DES PRODUITS CHIMIQUES<\/h2>\t\t\t\t\t<span class=\"w-portfolio-item-arrow\"><\/span>\r\n\t\t\t\t<\/div>\r\n\t\t\t<\/div>\r\n\t\t\t<\/a>\r\n<\/div>\r\n<div class=\"w-portfolio-item industrie size_1x1\" data-id=\"263\" data-categories=\"industrie\">\r\n\t<a class=\"w-portfolio-item-anchor\" href=\"https:\/\/genie-eau.com\/?us_portfolio=osmose-inverse\" style=\"background-color: #f4f4f4;color: #1b98e0;\">\r\n\t\t<div class=\"w-portfolio-item-image\" style=\"background-image: url(https:\/\/genie-eau.com\/wp-content\/uploads\/2017\/02\/21-1.jpg)\">\r\n\t\t\t<img src=\"https:\/\/genie-eau.com\/wp-content\/uploads\/2017\/02\/21-1.jpg\" width=\"460\" height=\"259\" alt=\"OSMOSE INVERSE\" \/>\t\t<\/div>\r\n\t\t\t\t\t\t\t<div class=\"w-portfolio-item-meta\">\r\n\t\t\t\t<div class=\"w-portfolio-item-meta-h\">\r\n\t\t\t\t\t<h2 class=\"w-portfolio-item-title\">OSMOSE INVERSE<\/h2>\t\t\t\t\t<span class=\"w-portfolio-item-arrow\"><\/span>\r\n\t\t\t\t<\/div>\r\n\t\t\t<\/div>\r\n\t\t\t<\/a>\r\n<\/div>\r\n<div class=\"w-portfolio-item industrie size_1x1\" data-id=\"267\" data-categories=\"industrie\">\r\n\t<a class=\"w-portfolio-item-anchor\" href=\"https:\/\/genie-eau.com\/?us_portfolio=sterilisation-uv\" style=\"background-color: #f4f4f4;color: #1b98e0;\">\r\n\t\t<div class=\"w-portfolio-item-image\" style=\"background-image: url(https:\/\/genie-eau.com\/wp-content\/uploads\/2017\/02\/22.jpg)\">\r\n\t\t\t<img src=\"https:\/\/genie-eau.com\/wp-content\/uploads\/2017\/02\/22.jpg\" width=\"300\" height=\"234\" alt=\"STERILISATION UV\" \/>\t\t<\/div>\r\n\t\t\t\t\t\t\t<div class=\"w-portfolio-item-meta\">\r\n\t\t\t\t<div class=\"w-portfolio-item-meta-h\">\r\n\t\t\t\t\t<h2 class=\"w-portfolio-item-title\">STERILISATION UV<\/h2>\t\t\t\t\t<span class=\"w-portfolio-item-arrow\"><\/span>\r\n\t\t\t\t<\/div>\r\n\t\t\t<\/div>\r\n\t\t\t<\/a>\r\n<\/div>\r\n<\/div><\/div><\/div><\/div><\/div><\/div><\/section>\n","protected":false},"excerpt":{"rendered":"Il n'y a aucun micro-organisme connu r\u00e9sistant \u00e0 l\u2019Ultraviolet, \u00e0 la diff\u00e9rence du traitement de l\u2019eau au chlore. L\u2019UV est connu pour \u00eatre fortement efficacecontre les bact\u00e9ries, les virus, les algues. Dans la pratique, les bact\u00e9ries et les virus sont la cause de nombreuses maladies pathog\u00e8nes transport\u00e9es par les eaux. De ces virus, le virus...","protected":false},"author":1,"featured_media":0,"parent":0,"menu_order":0,"comment_status":"closed","ping_status":"closed","template":"","meta":[],"_links":{"self":[{"href":"https:\/\/genie-eau.com\/index.php?rest_route=\/wp\/v2\/pages\/336"}],"collection":[{"href":"https:\/\/genie-eau.com\/index.php?rest_route=\/wp\/v2\/pages"}],"about":[{"href":"https:\/\/genie-eau.com\/index.php?rest_route=\/wp\/v2\/types\/page"}],"author":[{"embeddable":true,"href":"https:\/\/genie-eau.com\/index.php?rest_route=\/wp\/v2\/users\/1"}],"replies":[{"embeddable":true,"href":"https:\/\/genie-eau.com\/index.php?rest_route=%2Fwp%2Fv2%2Fcomments&post=336"}],"version-history":[{"count":2,"href":"https:\/\/genie-eau.com\/index.php?rest_route=\/wp\/v2\/pages\/336\/revisions"}],"predecessor-version":[{"id":340,"href":"https:\/\/genie-eau.com\/index.php?rest_route=\/wp\/v2\/pages\/336\/revisions\/340"}],"wp:attachment":[{"href":"https:\/\/genie-eau.com\/index.php?rest_route=%2Fwp%2Fv2%2Fmedia&parent=336"}],"curies":[{"name":"wp","href":"https:\/\/api.w.org\/{rel}","templated":true}]}}