{"id":334,"date":"2017-02-07T09:14:08","date_gmt":"2017-02-07T08:14:08","guid":{"rendered":"http:\/\/cylibrecjr.cluster020.hosting.ovh.net\/?page_id=334"},"modified":"2017-02-07T09:17:14","modified_gmt":"2017-02-07T08:17:14","slug":"produits-domestiques","status":"publish","type":"page","link":"https:\/\/genie-eau.com\/?page_id=334","title":{"rendered":"Produits Domestiques"},"content":{"rendered":"<section class=\"l-section wpb_row height_auto\"><div class=\"l-section-h i-cf\"><div class=\"g-cols offset_small\"><div class=\"vc_col-sm-12 wpb_column vc_column_container\"><div class=\"vc_column-inner\">\t<div class=\"w-portfolio style_16 cols_3 align_center ratio_1x1 with_indents\">\t<div class=\"w-portfolio-list\"><div class=\"w-portfolio-item domestique size_1x1\" data-id=\"271\" data-categories=\"domestique\">\r\n\t<a class=\"w-portfolio-item-anchor\" href=\"https:\/\/genie-eau.com\/?us_portfolio=filtre-a-cartouche\" style=\"background-color: #f4f4f4;color: #1b98e0;\">\r\n\t\t<div class=\"w-portfolio-item-image\" style=\"background-image: url(https:\/\/genie-eau.com\/wp-content\/uploads\/2017\/03\/049291_FHPRx-TWIN-B1.jpg)\">\r\n\t\t\t<img src=\"https:\/\/genie-eau.com\/wp-content\/uploads\/2017\/03\/049291_FHPRx-TWIN-B1.jpg\" width=\"380\" height=\"380\" alt=\"FILTRE A CARTOUCHE\" \/>\t\t<\/div>\r\n\t\t\t\t\t\t\t<div class=\"w-portfolio-item-meta\">\r\n\t\t\t\t<div class=\"w-portfolio-item-meta-h\">\r\n\t\t\t\t\t<h2 class=\"w-portfolio-item-title\">FILTRE A CARTOUCHE<\/h2>\t\t\t\t\t<span class=\"w-portfolio-item-arrow\"><\/span>\r\n\t\t\t\t<\/div>\r\n\t\t\t<\/div>\r\n\t\t\t<\/a>\r\n<\/div>\r\n<div class=\"w-portfolio-item domestique size_1x1\" data-id=\"275\" data-categories=\"domestique\">\r\n\t<a class=\"w-portfolio-item-anchor\" href=\"https:\/\/genie-eau.com\/?us_portfolio=adoucisseur-domestique\" style=\"background-color: #f4f4f4;color: #1b98e0;\">\r\n\t\t<div class=\"w-portfolio-item-image\" style=\"background-image: url(https:\/\/genie-eau.com\/wp-content\/uploads\/2017\/02\/montage-final-600x429.jpg)\">\r\n\t\t\t<img src=\"https:\/\/genie-eau.com\/wp-content\/uploads\/2017\/02\/montage-final-600x429.jpg\" width=\"600\" height=\"429\" alt=\"ADOUCISSEUR DOMESTIQUE\" \/>\t\t<\/div>\r\n\t\t\t\t\t\t\t<div class=\"w-portfolio-item-meta\">\r\n\t\t\t\t<div class=\"w-portfolio-item-meta-h\">\r\n\t\t\t\t\t<h2 class=\"w-portfolio-item-title\">ADOUCISSEUR DOMESTIQUE<\/h2>\t\t\t\t\t<span class=\"w-portfolio-item-arrow\"><\/span>\r\n\t\t\t\t<\/div>\r\n\t\t\t<\/div>\r\n\t\t\t<\/a>\r\n<\/div>\r\n<div class=\"w-portfolio-item domestique size_1x1\" data-id=\"278\" data-categories=\"domestique\">\r\n\t<a class=\"w-portfolio-item-anchor\" href=\"https:\/\/genie-eau.com\/?us_portfolio=osmoseur-domestique\" style=\"background-color: #f4f4f4;color: #1b98e0;\">\r\n\t\t<div class=\"w-portfolio-item-image\" style=\"background-image: url(https:\/\/genie-eau.com\/wp-content\/uploads\/2017\/02\/27.png)\">\r\n\t\t\t<img src=\"https:\/\/genie-eau.com\/wp-content\/uploads\/2017\/02\/27.png\" width=\"485\" height=\"462\" alt=\"OSMOSEUR DOMESTIQUE\" \/>\t\t<\/div>\r\n\t\t\t\t\t\t\t<div class=\"w-portfolio-item-meta\">\r\n\t\t\t\t<div class=\"w-portfolio-item-meta-h\">\r\n\t\t\t\t\t<h2 class=\"w-portfolio-item-title\">OSMOSEUR DOMESTIQUE<\/h2>\t\t\t\t\t<span class=\"w-portfolio-item-arrow\"><\/span>\r\n\t\t\t\t<\/div>\r\n\t\t\t<\/div>\r\n\t\t\t<\/a>\r\n<\/div>\r\n<\/div><\/div><\/div><\/div><\/div><\/div><\/section>\n","protected":false},"excerpt":{"rendered":"Les osmoseurs domestiques propos\u00e9s par GENIE EAU sont des syst\u00e8mes uniques, Il permet la production d'une eau pure et saine retir\u00e9e de l'ensemble des polluants pouvant se trouver dans l'eau du robinet : bact\u00e9ries, virus, nitrates, radioactivit\u00e9, pesticides, fongicides, herbicides, plomb...Performant, fiable et compact, il trouve sa place partout avec sa r\u00e9serve int\u00e9gr\u00e9e. Il est...","protected":false},"author":1,"featured_media":0,"parent":0,"menu_order":0,"comment_status":"closed","ping_status":"closed","template":"","meta":[],"_links":{"self":[{"href":"https:\/\/genie-eau.com\/index.php?rest_route=\/wp\/v2\/pages\/334"}],"collection":[{"href":"https:\/\/genie-eau.com\/index.php?rest_route=\/wp\/v2\/pages"}],"about":[{"href":"https:\/\/genie-eau.com\/index.php?rest_route=\/wp\/v2\/types\/page"}],"author":[{"embeddable":true,"href":"https:\/\/genie-eau.com\/index.php?rest_route=\/wp\/v2\/users\/1"}],"replies":[{"embeddable":true,"href":"https:\/\/genie-eau.com\/index.php?rest_route=%2Fwp%2Fv2%2Fcomments&post=334"}],"version-history":[{"count":4,"href":"https:\/\/genie-eau.com\/index.php?rest_route=\/wp\/v2\/pages\/334\/revisions"}],"predecessor-version":[{"id":344,"href":"https:\/\/genie-eau.com\/index.php?rest_route=\/wp\/v2\/pages\/334\/revisions\/344"}],"wp:attachment":[{"href":"https:\/\/genie-eau.com\/index.php?rest_route=%2Fwp%2Fv2%2Fmedia&parent=334"}],"curies":[{"name":"wp","href":"https:\/\/api.w.org\/{rel}","templated":true}]}}