{"id":300,"date":"2017-02-05T15:15:40","date_gmt":"2017-02-05T14:15:40","guid":{"rendered":"http:\/\/cylibrecjr.cluster020.hosting.ovh.net\/?page_id=300"},"modified":"2017-04-05T16:40:53","modified_gmt":"2017-04-05T15:40:53","slug":"services","status":"publish","type":"page","link":"https:\/\/genie-eau.com\/?page_id=300","title":{"rendered":"Services"},"content":{"rendered":"<section class=\"l-section wpb_row height_medium\"><div class=\"l-section-h i-cf\"><div class=\"g-cols offset_small\"><div class=\"vc_col-sm-8 wpb_column vc_column_container\"><div class=\"vc_column-inner\"><div class=\"w-iconbox iconpos_left style_outlined color_primary\"><div class=\"w-iconbox-icon\"><i class=\"fa fa-check-square-o\"><\/i><\/div><div class=\"w-iconbox-meta\"><h5 class=\"w-iconbox-title\">ETUDE, CONCEPTION ET INSTALLATION DES STATIONS DE TRAITEMENT D'EAU<\/h5><div class=\"w-iconbox-text\">GENIE EAU r\u00e9alise des \u00e9tudes de conseil, des projets de conception-r\u00e9alisation de stations neuves ou \u00e0 r\u00e9habiliter, des installations cl\u00e9 en main, de la conception \u00e0 la mise en service, en passant par le montage et la formation du personnel.<br \/>\nGENIE EAU r\u00e9pond tout particuli\u00e8rement aux attentes des industriels et des diff\u00e9rents op\u00e9rateurs publics ou priv\u00e9s dans le domaine du traitement des eaux<\/div><\/div><\/div><\/div><\/div><div class=\"vc_col-sm-4 wpb_column vc_column_container\"><div class=\"vc_column-inner\"><div class=\"w-image\"><div class=\"us-frame\"><img width=\"467\" height=\"272\" src=\"https:\/\/genie-eau.com\/wp-content\/uploads\/2017\/02\/ban1.jpg\" class=\"attachment-large size-large\" alt=\"\" decoding=\"async\" loading=\"lazy\" srcset=\"https:\/\/genie-eau.com\/wp-content\/uploads\/2017\/02\/ban1.jpg 467w, https:\/\/genie-eau.com\/wp-content\/uploads\/2017\/02\/ban1-300x175.jpg 300w\" sizes=\"(max-width: 467px) 100vw, 467px\" \/><\/div><\/div><\/div><\/div><\/div><\/div><\/section><section class=\"l-section wpb_row height_medium\"><div class=\"l-section-h i-cf\"><div class=\"g-cols offset_small\"><div class=\"vc_col-sm-8 wpb_column vc_column_container\"><div class=\"vc_column-inner\"><div class=\"w-iconbox iconpos_left style_outlined color_primary\"><div class=\"w-iconbox-icon\"><i class=\"fa fa-check-square-o\"><\/i><\/div><div class=\"w-iconbox-meta\"><h5 class=\"w-iconbox-title\">FABRICATION DES EQUIPEMENT DE TRAITEMENT D'EAU<\/h5><div class=\"w-iconbox-text\">Fruit de nombreuses ann\u00e9es d\u2019exp\u00e9rience, GENIE EAU s\u2019est attel\u00e9 \u00e0 la fabrication des \u00e9quipements tels que les d\u00e9min\u00e9ralisateurs et les osmoseurs<br \/>\nLa gamme de d\u00e9min\u00e9ralisateurs TD, fabriqu\u00e9e par GENIE EAU, consiste en deux colonnes s\u00e9par\u00e9es contenant chacune un lit de r\u00e9sine (cationique et anionique)<br \/>\nLes r\u00e9sines pr\u00e9sentes dans les colonnes ont \u00e9t\u00e9 sp\u00e9cialement s\u00e9lectionn\u00e9es pour leur haute capacit\u00e9 d&rsquo;\u00e9change.<br \/>\nContrairement \u00e0 d&rsquo;autres types de syst\u00e8me de d\u00e9min\u00e9ralisation, les \u2018\u2019TD\u2018\u2019 sont construits pour \u00eatre simples, fonctionnels et fiables car construits \u00e0 partir de composantes test\u00e9es et approuv\u00e9es pour leur excellente tenue dans le temps et ne demandant que tr\u00e8s peu de maintenance. L&rsquo;ensemble des composants ont \u00e9t\u00e9, d&rsquo;autre part s\u00e9lectionn\u00e9s en fonction de leur r\u00e9sistance aux acides.<br \/>\nUn conductim\u00e8tre \u00e9lectronique \u00e9quip\u00e9 d&rsquo;alarmes \u00e0 seuils variables assure le contr\u00f4le de la qualit\u00e9 de l&rsquo;eau produite en continu et indique le moment auquel la r\u00e9g\u00e9n\u00e9ration doit \u00eatre effectu\u00e9e.<\/div><\/div><\/div><\/div><\/div><div class=\"vc_col-sm-4 wpb_column vc_column_container\"><div class=\"vc_column-inner\"><div class=\"w-image\"><div class=\"us-frame\"><img width=\"720\" height=\"576\" src=\"https:\/\/genie-eau.com\/wp-content\/uploads\/2017\/02\/demin.png\" class=\"attachment-large size-large\" alt=\"\" decoding=\"async\" loading=\"lazy\" srcset=\"https:\/\/genie-eau.com\/wp-content\/uploads\/2017\/02\/demin.png 720w, https:\/\/genie-eau.com\/wp-content\/uploads\/2017\/02\/demin-300x240.png 300w, https:\/\/genie-eau.com\/wp-content\/uploads\/2017\/02\/demin-600x480.png 600w\" sizes=\"(max-width: 720px) 100vw, 720px\" \/><\/div><\/div><\/div><\/div><\/div><\/div><\/section><section class=\"l-section wpb_row height_medium\"><div class=\"l-section-h i-cf\"><div class=\"g-cols offset_small\"><div class=\"vc_col-sm-8 wpb_column vc_column_container\"><div class=\"vc_column-inner\"><div class=\"w-slider\"><div class=\"us-frame\"><div class=\"royalSlider rsDefault\"><div class=\"rsContent\"><img class=\"rsImg\" data-rsw=\"600\" data-rsh=\"338\" src=\"https:\/\/genie-eau.com\/wp-content\/uploads\/2017\/01\/s2-600x338.jpg\"><\/div><div class=\"rsContent\"><img class=\"rsImg\" data-rsw=\"600\" data-rsh=\"338\" src=\"https:\/\/genie-eau.com\/wp-content\/uploads\/2017\/01\/s3-600x338.jpg\"><\/div><div class=\"rsContent\"><img class=\"rsImg\" data-rsw=\"600\" data-rsh=\"800\" src=\"https:\/\/genie-eau.com\/wp-content\/uploads\/2017\/02\/19042008810-002-600x800.jpg\"><\/div><\/div><div class=\"w-slider-json\" onclick='return {&quot;transitionSpeed&quot;:300,&quot;loopRewind&quot;:true,&quot;slidesSpacing&quot;:0,&quot;imageScalePadding&quot;:0,&quot;numImagesToPreload&quot;:2,&quot;arrowsNav&quot;:true,&quot;arrowsNavAutoHide&quot;:false,&quot;transitionType&quot;:&quot;fade&quot;,&quot;block&quot;:{&quot;moveEffect&quot;:&quot;none&quot;,&quot;speed&quot;:300},&quot;controlNavigation&quot;:&quot;bullets&quot;,&quot;autoplay&quot;:{&quot;enabled&quot;:true,&quot;pauseOnHover&quot;:true,&quot;delay&quot;:3000},&quot;imageScaleMode&quot;:&quot;fit-if-smaller&quot;,&quot;autoScaleSlider&quot;:true,&quot;autoScaleSliderWidth&quot;:600,&quot;autoScaleSliderHeight&quot;:338,&quot;fitInViewport&quot;:false}'><\/div><\/div><\/div><\/div><\/div><div class=\"vc_col-sm-4 wpb_column vc_column_container\"><div class=\"vc_column-inner\"><div class=\"wpb_text_column \"><div class=\"wpb_wrapper\"><p>Les osmoseurs fabriqu\u00e9s par GENIE EAU sont Equip\u00e9s de membranes d\u2019osmose inverse, de hautes performances, et sont pilot\u00e9s par un automate programmable disposant d\u2019un menu intuitif permettant de r\u00e9gler tous les param\u00e8tres de fonctionnement de l\u2019osmoseur. En option, ils peuvent \u00eatre compl\u00e9t\u00e9s d\u2019un pr\u00e9traitement mont\u00e9 sur un ch\u00e2ssis inox et adapt\u00e9 aux caract\u00e9ristiques de l\u2019eau brute (pr\u00e9-filtration, adoucissement, conditionnement chimique, d\u00e9chloration\u2026) Un syst\u00e8me ind\u00e9pendant de nettoyage en place (CIP) peut \u00eatre propos\u00e9.<\/p><\/div> <\/div> <\/div><\/div><\/div><\/div><\/section><section class=\"l-section wpb_row height_medium\"><div class=\"l-section-h i-cf\"><div class=\"g-cols offset_small\"><div class=\"vc_col-sm-8 wpb_column vc_column_container\"><div class=\"vc_column-inner\"><div class=\"w-iconbox iconpos_left style_outlined color_primary\"><div class=\"w-iconbox-icon\"><i class=\"fa fa-check-square-o\"><\/i><\/div><div class=\"w-iconbox-meta\"><h5 class=\"w-iconbox-title\">FORMULATION DES PRODUITS CHIMIQUES<\/h5><div class=\"w-iconbox-text\">GENIE EAU formulent elle-m\u00eame les produits chimiques utilis\u00e9s pour le traitement des eaux qui regroupent les produits de d\u00e9sinfection, nettoyage et entretien microbiologique des canalisations, les coagulants et les floculants pour la clarification de l&rsquo;eau, les s\u00e9questrant et les antiscalant pour le nettoyage des membranes d&rsquo;osmoseur&#8230;<\/div><\/div><\/div><\/div><\/div><div class=\"vc_col-sm-4 wpb_column vc_column_container\"><div class=\"vc_column-inner\"><div class=\"w-image\"><div class=\"us-frame\"><img width=\"800\" height=\"600\" src=\"https:\/\/genie-eau.com\/wp-content\/uploads\/2017\/02\/Arcane-Industries-formule-votre-solvant-de-process.jpg\" class=\"attachment-large size-large\" alt=\"\" decoding=\"async\" loading=\"lazy\" srcset=\"https:\/\/genie-eau.com\/wp-content\/uploads\/2017\/02\/Arcane-Industries-formule-votre-solvant-de-process.jpg 800w, https:\/\/genie-eau.com\/wp-content\/uploads\/2017\/02\/Arcane-Industries-formule-votre-solvant-de-process-300x225.jpg 300w, https:\/\/genie-eau.com\/wp-content\/uploads\/2017\/02\/Arcane-Industries-formule-votre-solvant-de-process-768x576.jpg 768w, https:\/\/genie-eau.com\/wp-content\/uploads\/2017\/02\/Arcane-Industries-formule-votre-solvant-de-process-600x450.jpg 600w\" sizes=\"(max-width: 800px) 100vw, 800px\" \/><\/div><\/div><\/div><\/div><\/div><\/div><\/section><section class=\"l-section wpb_row height_medium\"><div class=\"l-section-h i-cf\"><div class=\"g-cols offset_small\"><div class=\"vc_col-sm-8 wpb_column vc_column_container\"><div class=\"vc_column-inner\"><div class=\"w-iconbox iconpos_left style_outlined color_primary\"><div class=\"w-iconbox-icon\"><i class=\"fa fa-check-square-o\"><\/i><\/div><div class=\"w-iconbox-meta\"><h5 class=\"w-iconbox-title\">COMMERCIALISATION DU CONSOMMABLE<\/h5><div class=\"w-iconbox-text\">GENIE EAU est un acteur majeur dans le domaine des composants d\u2019\u00e9quipement et du consommable pour le traitement des eaux. Ce savoir-faire nous permet d\u2019apporter \u00e0 notre client\u00e8le les conseils techniques ainsi que les solutions adapt\u00e9es \u00e0 leurs besoins, gr\u00e2ce \u00e0 des produits de qualit\u00e9, robustes et fiables.<br \/>\nAujourd\u2019hui, GENIE EAU, a acquis une solide r\u00e9putation aux rythmes des \u00e9volutions de nos partenaires, avec lesquels nous travaillons de mani\u00e8re exclusive depuis de nombreuses ann\u00e9es. Mais aussi gr\u00e2ce \u00e0 une \u00e9coute active de nos clients.<br \/>\nPour faire face \u00e0 un accroissement des demandes de nos clients, nous avons multipli\u00e9 par 2 notre surface de stockage et nous continuons \u00e0 l\u2019accroitre afin de servir nos clients aux meilleurs d\u00e9lais.<\/div><\/div><\/div><\/div><\/div><div class=\"vc_col-sm-4 wpb_column vc_column_container\"><div class=\"vc_column-inner\"><div class=\"w-image\"><div class=\"us-frame\"><img width=\"800\" height=\"500\" src=\"https:\/\/genie-eau.com\/wp-content\/uploads\/2017\/02\/mon-spa-accessoires1-m8oky21zzywyd9ntf4hb8ofdpjhkwv58474064yrgo.jpg\" class=\"attachment-large size-large\" alt=\"\" decoding=\"async\" loading=\"lazy\" srcset=\"https:\/\/genie-eau.com\/wp-content\/uploads\/2017\/02\/mon-spa-accessoires1-m8oky21zzywyd9ntf4hb8ofdpjhkwv58474064yrgo.jpg 800w, https:\/\/genie-eau.com\/wp-content\/uploads\/2017\/02\/mon-spa-accessoires1-m8oky21zzywyd9ntf4hb8ofdpjhkwv58474064yrgo-300x188.jpg 300w, https:\/\/genie-eau.com\/wp-content\/uploads\/2017\/02\/mon-spa-accessoires1-m8oky21zzywyd9ntf4hb8ofdpjhkwv58474064yrgo-768x480.jpg 768w, https:\/\/genie-eau.com\/wp-content\/uploads\/2017\/02\/mon-spa-accessoires1-m8oky21zzywyd9ntf4hb8ofdpjhkwv58474064yrgo-600x375.jpg 600w\" sizes=\"(max-width: 800px) 100vw, 800px\" \/><\/div><\/div><\/div><\/div><\/div><\/div><\/section><section class=\"l-section wpb_row height_medium\"><div class=\"l-section-h i-cf\"><div class=\"g-cols offset_small\"><div class=\"vc_col-sm-8 wpb_column vc_column_container\"><div class=\"vc_column-inner\"><div class=\"w-iconbox iconpos_left style_outlined color_primary\"><div class=\"w-iconbox-icon\"><i class=\"fa fa-star\"><\/i><\/div><div class=\"w-iconbox-meta\"><h4 class=\"w-iconbox-title\">SERVICE APRES VENTE<\/h4><div class=\"w-iconbox-text\">GENIE EAU met \u00e0 votre disposition une \u00e9quipe de techniciens de proximit\u00e9, qualifi\u00e9e, exp\u00e9riment\u00e9e et capables d\u2019intervenir sur tout type de mat\u00e9riel de traitement d\u2019eau.<\/p>\n<ul>\n<li>Filtration<\/li>\n<li>Adoucissement<\/li>\n<li>D\u00e9carbonatation<\/li>\n<li>Dosage<\/li>\n<li>Osmose inverse<\/li>\n<li>D\u00e9min\u00e9ralisation<\/li>\n<li>Ultra-violet Proc\u00e9d\u00e9 chimique de traitement d\u2019eau<\/li>\n<\/ul>\n<p>GENIE EAU met \u00e9galement \u00e0 votre disposition tous les principaux composants accessoires et pi\u00e8ces de rechange pour tous les \u00e9quipements de traitement des eaux ; nous disposons d\u2019un atelier sp\u00e9cialement pour la r\u00e9paration de vos \u00e9quipements, et nous sommes le seul traiteur d\u2019eau, au nivau national, \u00e0 le faire<br \/>\nNous r\u00e9alisons \u00e0 p\u00e9riodicit\u00e9 d\u00e9finie le suivi technique et analytique de vos installations afin de p\u00e9renniser et de contr\u00f4ler le bon fonctionnement de vos mat\u00e9riels.<br \/>\n<\/div><\/div><\/div><\/div><\/div><div class=\"vc_col-sm-4 wpb_column vc_column_container\"><div class=\"vc_column-inner\"><div class=\"w-image\"><div class=\"us-frame\"><img width=\"1000\" height=\"394\" src=\"https:\/\/genie-eau.com\/wp-content\/uploads\/2017\/02\/506-9.jpg\" class=\"attachment-large size-large\" alt=\"\" decoding=\"async\" loading=\"lazy\" srcset=\"https:\/\/genie-eau.com\/wp-content\/uploads\/2017\/02\/506-9.jpg 1000w, https:\/\/genie-eau.com\/wp-content\/uploads\/2017\/02\/506-9-300x118.jpg 300w, https:\/\/genie-eau.com\/wp-content\/uploads\/2017\/02\/506-9-768x303.jpg 768w, https:\/\/genie-eau.com\/wp-content\/uploads\/2017\/02\/506-9-600x236.jpg 600w\" sizes=\"(max-width: 1000px) 100vw, 1000px\" \/><\/div><\/div><div class=\"w-image\"><div class=\"us-frame\"><img width=\"500\" height=\"197\" src=\"https:\/\/genie-eau.com\/wp-content\/uploads\/2017\/02\/filtration2.jpg\" class=\"attachment-large size-large\" alt=\"\" decoding=\"async\" loading=\"lazy\" srcset=\"https:\/\/genie-eau.com\/wp-content\/uploads\/2017\/02\/filtration2.jpg 500w, https:\/\/genie-eau.com\/wp-content\/uploads\/2017\/02\/filtration2-300x118.jpg 300w\" sizes=\"(max-width: 500px) 100vw, 500px\" \/><\/div><\/div><div class=\"w-image\"><div class=\"us-frame\"><img width=\"1024\" height=\"527\" src=\"https:\/\/genie-eau.com\/wp-content\/uploads\/2017\/02\/crep-1024x527.jpg\" class=\"attachment-large size-large\" alt=\"\" decoding=\"async\" loading=\"lazy\" srcset=\"https:\/\/genie-eau.com\/wp-content\/uploads\/2017\/02\/crep-1024x527.jpg 1024w, https:\/\/genie-eau.com\/wp-content\/uploads\/2017\/02\/crep-300x155.jpg 300w, https:\/\/genie-eau.com\/wp-content\/uploads\/2017\/02\/crep-768x396.jpg 768w, https:\/\/genie-eau.com\/wp-content\/uploads\/2017\/02\/crep-600x309.jpg 600w, https:\/\/genie-eau.com\/wp-content\/uploads\/2017\/02\/crep.jpg 1258w\" sizes=\"(max-width: 1024px) 100vw, 1024px\" \/><\/div><\/div><\/div><\/div><\/div><\/div><\/section>\n","protected":false},"excerpt":{"rendered":"ETUDE, CONCEPTION ET INSTALLATION DES STATIONS DE TRAITEMENT D'EAUGENIE EAU r\u00e9alise des \u00e9tudes de conseil, des projets de conception-r\u00e9alisation de stations neuves ou \u00e0 r\u00e9habiliter, des installations cl\u00e9 en main, de la conception \u00e0 la mise en service, en passant par le montage et la formation du personnel. GENIE EAU r\u00e9pond tout particuli\u00e8rement aux attentes...","protected":false},"author":1,"featured_media":0,"parent":0,"menu_order":0,"comment_status":"closed","ping_status":"closed","template":"","meta":[],"_links":{"self":[{"href":"https:\/\/genie-eau.com\/index.php?rest_route=\/wp\/v2\/pages\/300"}],"collection":[{"href":"https:\/\/genie-eau.com\/index.php?rest_route=\/wp\/v2\/pages"}],"about":[{"href":"https:\/\/genie-eau.com\/index.php?rest_route=\/wp\/v2\/types\/page"}],"author":[{"embeddable":true,"href":"https:\/\/genie-eau.com\/index.php?rest_route=\/wp\/v2\/users\/1"}],"replies":[{"embeddable":true,"href":"https:\/\/genie-eau.com\/index.php?rest_route=%2Fwp%2Fv2%2Fcomments&post=300"}],"version-history":[{"count":10,"href":"https:\/\/genie-eau.com\/index.php?rest_route=\/wp\/v2\/pages\/300\/revisions"}],"predecessor-version":[{"id":543,"href":"https:\/\/genie-eau.com\/index.php?rest_route=\/wp\/v2\/pages\/300\/revisions\/543"}],"wp:attachment":[{"href":"https:\/\/genie-eau.com\/index.php?rest_route=%2Fwp%2Fv2%2Fmedia&parent=300"}],"curies":[{"name":"wp","href":"https:\/\/api.w.org\/{rel}","templated":true}]}}