{"id":161,"date":"2017-02-02T13:13:25","date_gmt":"2017-02-02T12:13:25","guid":{"rendered":"http:\/\/cylibrecjr.cluster020.hosting.ovh.net\/?page_id=161"},"modified":"2017-04-09T09:10:03","modified_gmt":"2017-04-09T08:10:03","slug":"accueil","status":"publish","type":"page","link":"https:\/\/genie-eau.com\/","title":{"rendered":"Accueil"},"content":{"rendered":"<section class=\"l-section wpb_row height_auto\"><div class=\"l-section-h i-cf\"><div class=\"g-cols offset_small\"><div class=\"vc_col-sm-12 wpb_column vc_column_container\"><div class=\"vc_column-inner\">[rev_slider_vc alias=\u00a0\u00bbgenie-eau\u00a0\u00bb]<\/div><\/div><\/div><\/div><\/section><section class=\"l-section wpb_row height_medium\"><div class=\"l-section-h i-cf\"><div class=\"g-cols offset_small\"><div class=\"vc_col-sm-12 wpb_column vc_column_container\"><div class=\"vc_column-inner\">[vc_custom_heading text=\u00a0\u00bbNous sommes le leader national du traitement de la ressource naturelle la plus fondamentale au monde : l&rsquo;eau\u00a0\u00bb font_container=\u00a0\u00bbtag:h2|text_align:center\u00a0\u00bb google_fonts=\u00a0\u00bbfont_family:Roboto%3A100%2C100italic%2C300%2C300italic%2Cregular%2Citalic%2C500%2C500italic%2C700%2C700italic%2C900%2C900italic|font_style:400%20regular%3A400%3Anormal\u00a0\u00bb]<\/div><\/div><\/div><\/div><\/section><section class=\"l-section wpb_row height_medium\"><div class=\"l-section-h i-cf\"><div class=\"g-cols offset_small\"><div class=\"vc_col-sm-6 wpb_column vc_column_container\"><div class=\"vc_column-inner\"><div class=\"wpb_text_column  vc_custom_1486048279083\"><div class=\"wpb_wrapper\">\n<h5 style=\"text-align: right;\">De la fabrication d&rsquo;\u00e9quipements aux installations cl\u00e9s en main, notre savoir-faire nous permet de vous proposer des technologies et des solutions adapt\u00e9es \u00e0 vos besoins pour tous types d&rsquo;applications de traitement d&rsquo;eau.<\/h5>\n<\/div> <\/div> <\/div><\/div><div class=\"vc_col-sm-6 wpb_column vc_column_container\"><div class=\"vc_column-inner\"><div class=\"w-image\"><div class=\"us-frame\"><img width=\"460\" height=\"259\" src=\"https:\/\/genie-eau.com\/wp-content\/uploads\/2017\/02\/21.jpg\" class=\"attachment-tnail-1x1 size-tnail-1x1\" alt=\"\" decoding=\"async\" loading=\"lazy\" srcset=\"https:\/\/genie-eau.com\/wp-content\/uploads\/2017\/02\/21.jpg 460w, https:\/\/genie-eau.com\/wp-content\/uploads\/2017\/02\/21-300x169.jpg 300w\" sizes=\"(max-width: 460px) 100vw, 460px\" \/><\/div><\/div><\/div><\/div><\/div><\/div><\/section><section class=\"l-section wpb_row height_medium\"><div class=\"l-section-h i-cf\"><div class=\"g-cols offset_small\"><div class=\"vc_col-sm-6 wpb_column vc_column_container\"><div class=\"vc_column-inner\"><div class=\"w-image vc_custom_1486048411520\"><div class=\"us-frame\"><img width=\"270\" height=\"270\" src=\"https:\/\/genie-eau.com\/wp-content\/uploads\/2017\/02\/8.jpg\" class=\"attachment-tnail-1x1 size-tnail-1x1\" alt=\"\" decoding=\"async\" loading=\"lazy\" srcset=\"https:\/\/genie-eau.com\/wp-content\/uploads\/2017\/02\/8.jpg 270w, https:\/\/genie-eau.com\/wp-content\/uploads\/2017\/02\/8-150x150.jpg 150w\" sizes=\"(max-width: 270px) 100vw, 270px\" \/><\/div><\/div><\/div><\/div><div class=\"vc_col-sm-6 wpb_column vc_column_container\"><div class=\"vc_column-inner\"><div class=\"wpb_text_column \"><div class=\"wpb_wrapper\">\n<h5 style=\"text-align: left;\">Pour mieux vous servir, nous focalisons nos actions sur l\u2019\u00e9coute client, la fiabilit\u00e9 de nos \u00e9quipements, le meilleur rapport Qualit\u00e9\/prix dans les plus brefs d\u00e9lais et l&rsquo;optimisation de la ressource en eau.<\/h5>\n<\/div> <\/div> <h4 id=\"uvc-type-wrap-9519\"  data-ultimate-target='#uvc-type-wrap-9519'  data-responsive-json-new='{\"font-size\":\"\",\"line-height\":\"\"}'  class=\"uvc-type-wrap  ult-adjust-bottom-margin ult-responsive  uvc-type-align-left  uvc-wrap-121615705269f5e2efe2d4c\" style=\"text-align:left;\"><span  data-ultimate-target='#uvc-type-wrap-9519 .mycustfancy'  data-responsive-json-new='{\"font-size\":\"\",\"line-height\":\"\"}'  class=\"ultimate-ticker-prefix mycustfancy ult-responsive\" style=\"font-weight:normal; text-transform: unset;\">Nos technologies de pointe s&#039;appliquent aux domaines suivants : <\/span><div id=\"vticker-121615705269f5e2efe2d4c\"  data-ultimate-target=&#039;#uvc-type-wrap-9519&#039;  data-responsive-json-new=&#039;{&quot;font-size&quot;:&quot;&quot;,&quot;line-height&quot;:&quot;&quot;}&#039;  class=\"ultimate-vticker ticker  \" style=\"color:#1b98e0; font-weight:bold; text-transform: unset;\"><ul><li style=&quot;opacity:1&quot;>Energie<\/li><li style=&quot;opacity:0&quot;>Agroalimentaire<\/li><li style=&quot;opacity:0&quot;>Dialyse, et secteur de la sant\u00e9<\/li><li style=&quot;opacity:0&quot;>Chimie, Pharmaceutique, Parapharmaceutique<\/li><li style=&quot;opacity:0&quot;>Cosm\u00e9tique, D\u00e9tergent<\/li><li style=&quot;opacity:0&quot;>Domestique<\/li><\/ul><\/div><script type=\"text\/javascript\">\n\t\t\t\t\t\tjQuery(function($){\n\t\t\t\t\t\t\t$(document).ready(function(){\n\t\t\t\t\t\t\t\tif( typeof jQuery(\"#vticker-121615705269f5e2efe2d4c\").easyTicker == \"function\"){\n\t\t\t\t\t\t\t\t\t$(\"#vticker-121615705269f5e2efe2d4c\").find(\"li\").css(\"opacity\",\"1\");\n\t\t\t\t\t\t\t\t\t\n\t\t\t\t\t\t\t\t\t$(\"#vticker-121615705269f5e2efe2d4c\").easyTicker({\n\t\t\t\t\t\t\t\t\t\tdirection: \"up\",\n\t\t\t\t\t\t\t\t\t\teasing: \"swing\",\n\t\t\t\t\t\t\t\t\t\tspeed: \"200\",\n\t\t\t\t\t\t\t\t\t\tinterval: \"3000\",\n\t\t\t\t\t\t\t\t\t\theight: \"auto\",\n\t\t\t\t\t\t\t\t\t\tvisible: \"1\",\n\t\t\t\t\t\t\t\t\t\tmousePause: \"0\",\n\t\t\t\t\t\t\t\t\t\tcontrols: {\n\t\t\t\t\t\t\t\t\t\t\tup: \"\",\n\t\t\t\t\t\t\t\t\t\t\tdown: \"\",\n\t\t\t\t\t\t\t\t\t\t\ttoggle: \"\",\n\t\t\t\t\t\t\t\t\t\t\tplayText: \"Play\",\n\t\t\t\t\t\t\t\t\t\t\tstopText: \"Stop\"\n\t\t\t\t\t\t\t\t\t\t}\n\t\t\t\t\t\t\t\t\t});\n\t\t\t\t\t\t\t\t}\n\t\t\t\t\t\t\t});\n\t\t\t\t\t\t});\n\t\t\t\t\t<\/script><\/h4><\/div><\/div><\/div><\/div><\/section><section class=\"l-section wpb_row height_full color_primary with_img parallax_ver parallaxdir_reversed with_overlay\"><div class=\"l-section-img\" style=\"background-image: url(https:\/\/genie-eau.com\/wp-content\/uploads\/2017\/02\/water-industry.jpg);background-repeat: no-repeat;\" data-img-width=\"2000\" data-img-height=\"1144\"><\/div><div class=\"l-section-overlay\" style=\"background-color: rgba(255,255,255,0.01)\"><\/div><div class=\"l-section-h i-cf\"><div class=\"g-cols offset_small\"><div class=\"vc_col-sm-12 wpb_column vc_column_container\"><div class=\"vc_column-inner\">[vc_custom_heading text=\u00a0\u00bbDepuis plus de 30 ans, l\u2019entreprise a toujours maintenu une position de leader et ce gr\u00e2ce \u00e0 son effort continu en recherche et innovations, son exp\u00e9rience acquise au long de toutes ces ann\u00e9es et son personnel hautement qualifi\u00e9\u00a0\u00bb font_container=\u00a0\u00bbtag:h4|text_align:center\u00a0\u00bb use_theme_fonts=\u00a0\u00bbyes\u00a0\u00bb]<\/div><\/div><\/div><\/div><\/section><section class=\"l-section wpb_row height_medium with_overlay\"><div class=\"l-section-overlay\" style=\"background-color: #ffffff\"><\/div><div class=\"l-section-h i-cf\"><div class=\"g-cols offset_small\"><div class=\"vc_col-sm-6 wpb_column vc_column_container\"><div class=\"vc_column-inner\"><div class=\"wpb_text_column \"><div class=\"wpb_wrapper\">\n<h6 style=\"text-align: left;\">Nous comprenons que la fid\u00e9lisation de nos clients doit s\u2019appuyer sur la qualit\u00e9 de nos produits, services et process. Nous sommes constamment dans une orientation d\u2019am\u00e9lioration continu \u00e0 la recherche de l\u2019excellence, ce qui nous a permis d\u2019obtenir de nouveau la certification de Water-Quality. G\u00e9nie Eau demeure, \u00e0 ce jour, la seule et la premi\u00e8re entreprise alg\u00e9rienne \u00e0 \u00eatre \u00e9lue membre \u00e0 part enti\u00e8re de l\u2019Association Water-Quality, qui regroupe les meilleurs traiteurs d\u2019eau du monde, et ce depuis 1998.<\/h6>\n<\/div> <\/div> <\/div><\/div><div class=\"vc_col-sm-6 wpb_column vc_column_container\"><div class=\"vc_column-inner\"><div class=\"w-image align_left\"><div class=\"us-frame\"><img width=\"332\" height=\"152\" src=\"https:\/\/genie-eau.com\/wp-content\/uploads\/2017\/02\/images.png\" class=\"attachment-large size-large\" alt=\"\" decoding=\"async\" loading=\"lazy\" srcset=\"https:\/\/genie-eau.com\/wp-content\/uploads\/2017\/02\/images.png 332w, https:\/\/genie-eau.com\/wp-content\/uploads\/2017\/02\/images-300x137.png 300w\" sizes=\"(max-width: 332px) 100vw, 332px\" \/><\/div><\/div><\/div><\/div><\/div><\/div><\/section><section class=\"l-section wpb_row height_medium\"><div class=\"l-section-h i-cf\"><div class=\"g-cols offset_small\"><div class=\"vc_col-sm-12 wpb_column vc_column_container\"><div class=\"vc_column-inner\"><div class=\"w-iconbox iconpos_top style_default color_primary no_title\"><div class=\"w-iconbox-icon\"><\/div><div class=\"w-iconbox-text\">NOS BUREAUX<\/div><\/div><div class=\"w-logos style_1 nav_arrows type_carousel cols_3\"><div class=\"w-logos-list\" data-items=\"3\" data-autoplay=\"1\" data-timeout=\"2000\" data-nav=\"1\"><div class=\"w-logos-item\"><img width=\"300\" height=\"169\" src=\"https:\/\/genie-eau.com\/wp-content\/uploads\/2017\/02\/16402624_1628403310519585_6873004279901058873_o-300x169.jpg\" class=\"attachment-medium size-medium\" alt=\"\" decoding=\"async\" loading=\"lazy\" srcset=\"https:\/\/genie-eau.com\/wp-content\/uploads\/2017\/02\/16402624_1628403310519585_6873004279901058873_o-300x169.jpg 300w, https:\/\/genie-eau.com\/wp-content\/uploads\/2017\/02\/16402624_1628403310519585_6873004279901058873_o-768x433.jpg 768w, https:\/\/genie-eau.com\/wp-content\/uploads\/2017\/02\/16402624_1628403310519585_6873004279901058873_o-1024x577.jpg 1024w, https:\/\/genie-eau.com\/wp-content\/uploads\/2017\/02\/16402624_1628403310519585_6873004279901058873_o-600x338.jpg 600w, https:\/\/genie-eau.com\/wp-content\/uploads\/2017\/02\/16402624_1628403310519585_6873004279901058873_o.jpg 2048w\" sizes=\"(max-width: 300px) 100vw, 300px\" \/><\/div><div class=\"w-logos-item\"><img width=\"300\" height=\"169\" src=\"https:\/\/genie-eau.com\/wp-content\/uploads\/2017\/02\/16251736_1628403083852941_7126807877256693201_o-300x169.jpg\" class=\"attachment-medium size-medium\" alt=\"\" decoding=\"async\" loading=\"lazy\" srcset=\"https:\/\/genie-eau.com\/wp-content\/uploads\/2017\/02\/16251736_1628403083852941_7126807877256693201_o-300x169.jpg 300w, https:\/\/genie-eau.com\/wp-content\/uploads\/2017\/02\/16251736_1628403083852941_7126807877256693201_o-768x433.jpg 768w, https:\/\/genie-eau.com\/wp-content\/uploads\/2017\/02\/16251736_1628403083852941_7126807877256693201_o-1024x577.jpg 1024w, https:\/\/genie-eau.com\/wp-content\/uploads\/2017\/02\/16251736_1628403083852941_7126807877256693201_o-600x338.jpg 600w, https:\/\/genie-eau.com\/wp-content\/uploads\/2017\/02\/16251736_1628403083852941_7126807877256693201_o.jpg 2048w\" sizes=\"(max-width: 300px) 100vw, 300px\" \/><\/div><div class=\"w-logos-item\"><img width=\"300\" height=\"169\" src=\"https:\/\/genie-eau.com\/wp-content\/uploads\/2017\/02\/16403413_1628402893852960_2713638968753739474_o-300x169.jpg\" class=\"attachment-medium size-medium\" alt=\"\" decoding=\"async\" loading=\"lazy\" srcset=\"https:\/\/genie-eau.com\/wp-content\/uploads\/2017\/02\/16403413_1628402893852960_2713638968753739474_o-300x169.jpg 300w, https:\/\/genie-eau.com\/wp-content\/uploads\/2017\/02\/16403413_1628402893852960_2713638968753739474_o-768x433.jpg 768w, https:\/\/genie-eau.com\/wp-content\/uploads\/2017\/02\/16403413_1628402893852960_2713638968753739474_o-1024x577.jpg 1024w, https:\/\/genie-eau.com\/wp-content\/uploads\/2017\/02\/16403413_1628402893852960_2713638968753739474_o-600x338.jpg 600w, https:\/\/genie-eau.com\/wp-content\/uploads\/2017\/02\/16403413_1628402893852960_2713638968753739474_o.jpg 2048w\" sizes=\"(max-width: 300px) 100vw, 300px\" \/><\/div><div class=\"w-logos-item\"><img width=\"300\" height=\"169\" src=\"https:\/\/genie-eau.com\/wp-content\/uploads\/2017\/02\/16251803_1628403133852936_3505076439380170973_o-300x169.jpg\" class=\"attachment-medium size-medium\" alt=\"\" decoding=\"async\" loading=\"lazy\" srcset=\"https:\/\/genie-eau.com\/wp-content\/uploads\/2017\/02\/16251803_1628403133852936_3505076439380170973_o-300x169.jpg 300w, https:\/\/genie-eau.com\/wp-content\/uploads\/2017\/02\/16251803_1628403133852936_3505076439380170973_o-768x433.jpg 768w, https:\/\/genie-eau.com\/wp-content\/uploads\/2017\/02\/16251803_1628403133852936_3505076439380170973_o-1024x577.jpg 1024w, https:\/\/genie-eau.com\/wp-content\/uploads\/2017\/02\/16251803_1628403133852936_3505076439380170973_o-600x338.jpg 600w, https:\/\/genie-eau.com\/wp-content\/uploads\/2017\/02\/16251803_1628403133852936_3505076439380170973_o.jpg 2048w\" sizes=\"(max-width: 300px) 100vw, 300px\" \/><\/div><div class=\"w-logos-item\"><img width=\"300\" height=\"169\" src=\"https:\/\/genie-eau.com\/wp-content\/uploads\/2017\/02\/15676527_1628403750519541_2122791308258670425_o-300x169.jpg\" class=\"attachment-medium size-medium\" alt=\"\" decoding=\"async\" loading=\"lazy\" srcset=\"https:\/\/genie-eau.com\/wp-content\/uploads\/2017\/02\/15676527_1628403750519541_2122791308258670425_o-300x169.jpg 300w, https:\/\/genie-eau.com\/wp-content\/uploads\/2017\/02\/15676527_1628403750519541_2122791308258670425_o-768x433.jpg 768w, https:\/\/genie-eau.com\/wp-content\/uploads\/2017\/02\/15676527_1628403750519541_2122791308258670425_o-1024x577.jpg 1024w, https:\/\/genie-eau.com\/wp-content\/uploads\/2017\/02\/15676527_1628403750519541_2122791308258670425_o-600x338.jpg 600w, https:\/\/genie-eau.com\/wp-content\/uploads\/2017\/02\/15676527_1628403750519541_2122791308258670425_o.jpg 2048w\" sizes=\"(max-width: 300px) 100vw, 300px\" \/><\/div><\/div><\/div><\/div><\/div><\/div><\/div><\/section><section class=\"l-section wpb_row height_medium\"><div class=\"l-section-h i-cf\"><div class=\"g-cols offset_small\"><div class=\"vc_col-sm-12 wpb_column vc_column_container\"><div class=\"vc_column-inner\"><div class=\"w-iconbox iconpos_top style_default color_primary no_title\"><div class=\"w-iconbox-icon\"><\/div><div class=\"w-iconbox-text\">NOS R\u00c9F\u00c9RENCES <\/div><\/div><div class=\"w-logos style_2 nav_none with_indents type_carousel cols_4\"><div class=\"w-logos-list\" data-items=\"4\" data-autoplay=\"1\" data-timeout=\"2000\" data-nav=\"0\"><div class=\"w-logos-item\"><img width=\"300\" height=\"300\" src=\"https:\/\/genie-eau.com\/wp-content\/uploads\/2017\/02\/1-1.jpg\" class=\"attachment-medium size-medium\" alt=\"\" decoding=\"async\" loading=\"lazy\" srcset=\"https:\/\/genie-eau.com\/wp-content\/uploads\/2017\/02\/1-1.jpg 300w, https:\/\/genie-eau.com\/wp-content\/uploads\/2017\/02\/1-1-150x150.jpg 150w\" sizes=\"(max-width: 300px) 100vw, 300px\" \/><\/div><div class=\"w-logos-item\"><img width=\"300\" height=\"300\" src=\"https:\/\/genie-eau.com\/wp-content\/uploads\/2017\/02\/2-1.jpg\" class=\"attachment-medium size-medium\" alt=\"\" decoding=\"async\" loading=\"lazy\" srcset=\"https:\/\/genie-eau.com\/wp-content\/uploads\/2017\/02\/2-1.jpg 300w, https:\/\/genie-eau.com\/wp-content\/uploads\/2017\/02\/2-1-150x150.jpg 150w\" sizes=\"(max-width: 300px) 100vw, 300px\" \/><\/div><div class=\"w-logos-item\"><img width=\"300\" height=\"300\" src=\"https:\/\/genie-eau.com\/wp-content\/uploads\/2017\/02\/3-1.jpg\" class=\"attachment-medium size-medium\" alt=\"\" decoding=\"async\" loading=\"lazy\" srcset=\"https:\/\/genie-eau.com\/wp-content\/uploads\/2017\/02\/3-1.jpg 300w, https:\/\/genie-eau.com\/wp-content\/uploads\/2017\/02\/3-1-150x150.jpg 150w\" sizes=\"(max-width: 300px) 100vw, 300px\" \/><\/div><div class=\"w-logos-item\"><img width=\"300\" height=\"300\" src=\"https:\/\/genie-eau.com\/wp-content\/uploads\/2017\/02\/4.jpg\" class=\"attachment-medium size-medium\" alt=\"\" decoding=\"async\" loading=\"lazy\" srcset=\"https:\/\/genie-eau.com\/wp-content\/uploads\/2017\/02\/4.jpg 300w, https:\/\/genie-eau.com\/wp-content\/uploads\/2017\/02\/4-150x150.jpg 150w\" sizes=\"(max-width: 300px) 100vw, 300px\" \/><\/div><div class=\"w-logos-item\"><img width=\"300\" height=\"174\" src=\"https:\/\/genie-eau.com\/wp-content\/uploads\/2017\/01\/Pfizer.svg_-300x174.png\" class=\"attachment-medium size-medium\" alt=\"\" decoding=\"async\" loading=\"lazy\" srcset=\"https:\/\/genie-eau.com\/wp-content\/uploads\/2017\/01\/Pfizer.svg_-300x174.png 300w, https:\/\/genie-eau.com\/wp-content\/uploads\/2017\/01\/Pfizer.svg_-768x445.png 768w, https:\/\/genie-eau.com\/wp-content\/uploads\/2017\/01\/Pfizer.svg_-1024x594.png 1024w, https:\/\/genie-eau.com\/wp-content\/uploads\/2017\/01\/Pfizer.svg_-600x348.png 600w, https:\/\/genie-eau.com\/wp-content\/uploads\/2017\/01\/Pfizer.svg_.png 1200w\" sizes=\"(max-width: 300px) 100vw, 300px\" \/><\/div><div class=\"w-logos-item\"><img width=\"300\" height=\"300\" src=\"https:\/\/genie-eau.com\/wp-content\/uploads\/2017\/02\/6.jpg\" class=\"attachment-medium size-medium\" alt=\"\" decoding=\"async\" loading=\"lazy\" srcset=\"https:\/\/genie-eau.com\/wp-content\/uploads\/2017\/02\/6.jpg 300w, https:\/\/genie-eau.com\/wp-content\/uploads\/2017\/02\/6-150x150.jpg 150w\" sizes=\"(max-width: 300px) 100vw, 300px\" \/><\/div><div class=\"w-logos-item\"><img width=\"300\" height=\"300\" src=\"https:\/\/genie-eau.com\/wp-content\/uploads\/2017\/02\/7-1.jpg\" class=\"attachment-medium size-medium\" alt=\"\" decoding=\"async\" loading=\"lazy\" srcset=\"https:\/\/genie-eau.com\/wp-content\/uploads\/2017\/02\/7-1.jpg 300w, https:\/\/genie-eau.com\/wp-content\/uploads\/2017\/02\/7-1-150x150.jpg 150w\" sizes=\"(max-width: 300px) 100vw, 300px\" \/><\/div><div class=\"w-logos-item\"><img width=\"300\" height=\"300\" src=\"https:\/\/genie-eau.com\/wp-content\/uploads\/2017\/02\/8-2.jpg\" class=\"attachment-medium size-medium\" alt=\"\" decoding=\"async\" loading=\"lazy\" srcset=\"https:\/\/genie-eau.com\/wp-content\/uploads\/2017\/02\/8-2.jpg 300w, https:\/\/genie-eau.com\/wp-content\/uploads\/2017\/02\/8-2-150x150.jpg 150w\" sizes=\"(max-width: 300px) 100vw, 300px\" \/><\/div><div class=\"w-logos-item\"><img width=\"300\" height=\"300\" src=\"https:\/\/genie-eau.com\/wp-content\/uploads\/2017\/02\/9-1.jpg\" class=\"attachment-medium size-medium\" alt=\"\" decoding=\"async\" loading=\"lazy\" srcset=\"https:\/\/genie-eau.com\/wp-content\/uploads\/2017\/02\/9-1.jpg 300w, https:\/\/genie-eau.com\/wp-content\/uploads\/2017\/02\/9-1-150x150.jpg 150w\" sizes=\"(max-width: 300px) 100vw, 300px\" \/><\/div><div class=\"w-logos-item\"><img width=\"300\" height=\"300\" src=\"https:\/\/genie-eau.com\/wp-content\/uploads\/2017\/02\/10-1.jpg\" class=\"attachment-medium size-medium\" alt=\"\" decoding=\"async\" loading=\"lazy\" srcset=\"https:\/\/genie-eau.com\/wp-content\/uploads\/2017\/02\/10-1.jpg 300w, https:\/\/genie-eau.com\/wp-content\/uploads\/2017\/02\/10-1-150x150.jpg 150w\" sizes=\"(max-width: 300px) 100vw, 300px\" \/><\/div><div class=\"w-logos-item\"><img width=\"300\" height=\"300\" src=\"https:\/\/genie-eau.com\/wp-content\/uploads\/2017\/02\/11-1.jpg\" class=\"attachment-medium size-medium\" alt=\"\" decoding=\"async\" loading=\"lazy\" srcset=\"https:\/\/genie-eau.com\/wp-content\/uploads\/2017\/02\/11-1.jpg 300w, https:\/\/genie-eau.com\/wp-content\/uploads\/2017\/02\/11-1-150x150.jpg 150w\" sizes=\"(max-width: 300px) 100vw, 300px\" \/><\/div><div class=\"w-logos-item\"><img width=\"300\" height=\"300\" src=\"https:\/\/genie-eau.com\/wp-content\/uploads\/2017\/02\/12-1.jpg\" class=\"attachment-medium size-medium\" alt=\"\" decoding=\"async\" loading=\"lazy\" srcset=\"https:\/\/genie-eau.com\/wp-content\/uploads\/2017\/02\/12-1.jpg 300w, https:\/\/genie-eau.com\/wp-content\/uploads\/2017\/02\/12-1-150x150.jpg 150w\" sizes=\"(max-width: 300px) 100vw, 300px\" \/><\/div><\/div><\/div><\/div><\/div><\/div><\/div><\/section>\n","protected":false},"excerpt":{"rendered":"[rev_slider_vc alias=\"genie-eau\"][vc_custom_heading text=\"Nous sommes le leader national du traitement de la ressource naturelle la plus fondamentale au monde : l'eau\" font_container=\"tag:h2|text_align:center\" google_fonts=\"font_family:Roboto%3A100%2C100italic%2C300%2C300italic%2Cregular%2Citalic%2C500%2C500italic%2C700%2C700italic%2C900%2C900italic|font_style:400%20regular%3A400%3Anormal\"] De la fabrication d'\u00e9quipements aux installations cl\u00e9s en main, notre savoir-faire nous permet de vous proposer des technologies et des solutions adapt\u00e9es \u00e0 vos besoins pour tous types d'applications de traitement d'eau. Pour...","protected":false},"author":1,"featured_media":0,"parent":0,"menu_order":0,"comment_status":"closed","ping_status":"closed","template":"","meta":[],"_links":{"self":[{"href":"https:\/\/genie-eau.com\/index.php?rest_route=\/wp\/v2\/pages\/161"}],"collection":[{"href":"https:\/\/genie-eau.com\/index.php?rest_route=\/wp\/v2\/pages"}],"about":[{"href":"https:\/\/genie-eau.com\/index.php?rest_route=\/wp\/v2\/types\/page"}],"author":[{"embeddable":true,"href":"https:\/\/genie-eau.com\/index.php?rest_route=\/wp\/v2\/users\/1"}],"replies":[{"embeddable":true,"href":"https:\/\/genie-eau.com\/index.php?rest_route=%2Fwp%2Fv2%2Fcomments&post=161"}],"version-history":[{"count":42,"href":"https:\/\/genie-eau.com\/index.php?rest_route=\/wp\/v2\/pages\/161\/revisions"}],"predecessor-version":[{"id":583,"href":"https:\/\/genie-eau.com\/index.php?rest_route=\/wp\/v2\/pages\/161\/revisions\/583"}],"wp:attachment":[{"href":"https:\/\/genie-eau.com\/index.php?rest_route=%2Fwp%2Fv2%2Fmedia&parent=161"}],"curies":[{"name":"wp","href":"https:\/\/api.w.org\/{rel}","templated":true}]}}