{"id":12,"date":"2017-01-18T09:14:20","date_gmt":"2017-01-18T08:14:20","guid":{"rendered":"http:\/\/www.merlo.dz\/?page_id=12"},"modified":"2017-04-05T16:01:44","modified_gmt":"2017-04-05T15:01:44","slug":"contact","status":"publish","type":"page","link":"http:\/\/genie-eau.com\/?page_id=12","title":{"rendered":"Contact"},"content":{"rendered":"<section class=\"l-section wpb_row height_medium\"><div class=\"l-section-h i-cf\"><div class=\"g-cols offset_small\"><div class=\"vc_col-sm-6 wpb_column vc_column_container\"><div class=\"vc_column-inner\"><div class=\"w-iconbox iconpos_left style_outlined color_primary no_text\"><div class=\"w-iconbox-icon\" style=\"font-size:16px;\"><i class=\"fa fa-map-marker\"><\/i><\/div><div class=\"w-iconbox-meta\"><h5 class=\"w-iconbox-title\">23 CITE DES FRERES ACHOURI BP 11 Dar El Beida, Alger (16), Alg\u00e9rie<\/h5><\/div><\/div>[vc_empty_space]<div class=\"w-iconbox iconpos_left style_outlined color_primary no_text\"><div class=\"w-iconbox-icon\" style=\"font-size:16px;\"><i class=\"fa fa-phone\"><\/i><\/div><div class=\"w-iconbox-meta\"><h5 class=\"w-iconbox-title\">+213 (0) 23-810-713<\/h5><\/div><\/div>[vc_empty_space height=\u00a0\u00bb10px\u00a0\u00bb]<div class=\"w-iconbox iconpos_left style_outlined color_primary no_text\"><div class=\"w-iconbox-icon\" style=\"font-size:16px;\"><i class=\"fa fa-phone\"><\/i><\/div><div class=\"w-iconbox-meta\"><h5 class=\"w-iconbox-title\">+213 (0) 23-810-715<\/h5><\/div><\/div>[vc_empty_space]<div class=\"w-iconbox iconpos_left style_outlined color_primary no_text\"><div class=\"w-iconbox-icon\" style=\"font-size:16px;\"><i class=\"fa fa-mobile\"><\/i><\/div><div class=\"w-iconbox-meta\"><h5 class=\"w-iconbox-title\">+213 (0) 661-515-264<\/h5><\/div><\/div>[vc_empty_space]<div class=\"w-map\" id=\"us_map_1\" style=\"height: 400px\"><div class=\"w-map-h\"><\/div><div class=\"w-map-json\" onclick='return {&quot;latitude&quot;:&quot;36.714167&quot;,&quot;longitude&quot;:&quot;3.2124999999999773&quot;,&quot;markers&quot;:[{&quot;latitude&quot;:&quot;36.714167&quot;,&quot;longitude&quot;:&quot;3.2124999999999773&quot;,&quot;html&quot;:&quot;&lt;h6&gt;Hey, we are here!&lt;\\\/h6&gt;&lt;p&gt;We will be glad to see you in our office.&lt;\\\/p&gt;&quot;,&quot;infowindow&quot;:false}],&quot;zoom&quot;:12,&quot;maptype&quot;:&quot;ROADMAP&quot;,&quot;height&quot;:&quot;400&quot;}'><\/div><\/div><\/div><\/div><div class=\"vc_col-sm-6 wpb_column vc_column_container\"><div class=\"vc_column-inner\"><div class=\"w-form for_cform align_left\" id=\"us_form_1\">\r\n\t<form class=\"w-form-h\" autocomplete=\"off\" action=\"http:\/\/genie-eau.com\/index.php?rest_route=%2Fwp%2Fv2%2Fpages%2F12\" method=\"post\">\r\n\t\t\t\t\t\t\t<div class=\"w-form-row for_name required\">\r\n\t<div class=\"w-form-row-label\">\r\n\t\t<label for=\"us_form_1_name\"><\/label>\r\n\t<\/div>\r\n\t<div class=\"w-form-row-field\">\r\n\t\t\t\t<input type=\"text\" name=\"name\" id=\"us_form_1_name\" value=\"\"\r\n\t\t       placeholder=\"Nom *\" data-required=\"true\" aria-required=\"true\"\/>\r\n\t\t<span class=\"w-form-row-field-bar\"><\/span>\r\n\t\t\t<\/div>\r\n\t<div class=\"w-form-row-state\"><\/div>\r\n\t<\/div>\r\n\t\t\t\t\t<div class=\"w-form-row for_email required\">\r\n\t<div class=\"w-form-row-label\">\r\n\t\t<label for=\"us_form_1_email\"><\/label>\r\n\t<\/div>\r\n\t<div class=\"w-form-row-field\">\r\n\t\t\t\t<input type=\"email\" name=\"email\" id=\"us_form_1_email\" value=\"\"\r\n\t\t       placeholder=\"Email *\" data-required=\"true\" aria-required=\"true\"\/>\r\n\t\t<span class=\"w-form-row-field-bar\"><\/span>\r\n\t\t\t<\/div>\r\n\t<div class=\"w-form-row-state\"><\/div>\r\n\t<\/div>\r\n\t\t\t\t\t<div class=\"w-form-row for_phone required\">\r\n\t<div class=\"w-form-row-label\">\r\n\t\t<label for=\"us_form_1_phone\"><\/label>\r\n\t<\/div>\r\n\t<div class=\"w-form-row-field\">\r\n\t\t\t\t<input type=\"text\" name=\"phone\" id=\"us_form_1_phone\" value=\"\"\r\n\t\t       placeholder=\"Num\u00e9ro de t\u00e9l\u00e9phone *\" data-required=\"true\" aria-required=\"true\"\/>\r\n\t\t<span class=\"w-form-row-field-bar\"><\/span>\r\n\t\t\t<\/div>\r\n\t<div class=\"w-form-row-state\"><\/div>\r\n\t<\/div>\r\n\t\t\t\t\t<div class=\"w-form-row for_message required\">\r\n\t<div class=\"w-form-row-label\">\r\n\t\t<label for=\"us_form_1_message\"><\/label>\r\n\t<\/div>\r\n\t<div class=\"w-form-row-field\">\r\n\t\t\t\t<textarea name=\"message\" id=\"us_form_1_message\" cols=\"30\" rows=\"10\" placeholder=\"Message *\"\r\n\t\t\t data-required=\"true\" aria-required=\"true\"><\/textarea>\r\n\t\t<span class=\"w-form-row-field-bar\"><\/span>\r\n\t\t\t<\/div>\r\n\t<div class=\"w-form-row-state\"><\/div>\r\n\t<\/div>\r\n\t\t\t\t\t<div class=\"w-form-row for_captcha required\">\r\n\t<div class=\"w-form-row-label\">\r\n\t\t<label for=\"us_form_1_captcha\">Prouver que vous \u00eates un \u00eatre humain, en r\u00e9soudant l'\u00e9quation, s'il vous pla\u00eet: <span>17 + 15 = ?<\/span><\/label>\r\n\t<\/div>\r\n\t<div class=\"w-form-row-field\">\r\n\t\t\t\t<input type=\"hidden\" name=\"captcha_hash\" value=\"4aa1c4b04057ae87483bb1c0f88b37e7\"\/>\r\n\t\t<input type=\"text\" name=\"captcha\" id=\"us_form_1_captcha\" value=\"\"\r\n\t\t       data-required=\"1\" placeholder=\"\" aria-required=\"true\" \/>\r\n\t\t<span class=\"w-form-row-field-bar\"><\/span>\r\n\t\t\t<\/div>\r\n\t<div class=\"w-form-row-state\"><\/div>\r\n\t<\/div>\r\n\t\t\t\t\t<input type=\"hidden\" name=\"action\" value=\"us_ajax_cform\"\/>\r\n\t\t\t\t\t<input type=\"hidden\" name=\"post_id\" value=\"12\"\/>\r\n\t\t\t\t\t<input type=\"hidden\" name=\"form_index\" value=\"1\"\/>\r\n\t\t\t\t\t<div class=\"w-form-row for_submit\">\r\n\t<div class=\"w-form-row-field\">\r\n\t\t<button class=\"w-btn size_15px color_primary style_solid\" type=\"submit\"><span class=\"g-preloader type_1\"><\/span><span class=\"w-btn-label\">Envoyer le message<\/span><\/button>\r\n\t<\/div>\r\n<\/div>\r\n\t\t\t\t<div class=\"w-form-message\"><\/div>\r\n\t\t\t<\/form>\r\n\t\t\t<div class=\"w-form-json hidden\" onclick='return {&quot;ajaxurl&quot;:&quot;http:\\\/\\\/genie-eau.com\\\/wp-admin\\\/admin-ajax.php&quot;,&quot;success&quot;:&quot;Merci ! Votre message vient d&#039;\\u00eatre envoy\\u00e9&quot;,&quot;errors&quot;:{&quot;name&quot;:&quot;Entrer votre nom, s&#039;il vous pla\\u00eet&quot;,&quot;email&quot;:&quot;Entrer votre email, s&#039;il vous pla\\u00eet&quot;,&quot;phone&quot;:&quot;Entrer votre num\\u00e9ro de t\\u00e9l\\u00e9phone, s&#039;il vous pla\\u00eet&quot;,&quot;message&quot;:&quot;Entrer votre message, s&#039;il vous pla\\u00eet&quot;,&quot;captcha&quot;:&quot;Entrer le r\\u00e9sultat de l\\u2019\\u00e9quation, s&#039;il vous pla\\u00eet&quot;}}'><\/div>\r\n\t<\/div>\r\n<\/div><\/div><\/div><\/div><\/section>\n","protected":false},"excerpt":{"rendered":"23 CITE DES FRERES ACHOURI BP 11 Dar El Beida, Alger (16), Alg\u00e9rie[vc_empty_space]+213 (0) 23-810-713[vc_empty_space height=\"10px\"]+213 (0) 23-810-715[vc_empty_space]+213 (0) 661-515-264[vc_empty_space] Prouver que vous \u00eates un \u00eatre humain, en r\u00e9soudant l'\u00e9quation, s'il vous pla\u00eet: 21 + 11 = ? Envoyer le message","protected":false},"author":1,"featured_media":0,"parent":0,"menu_order":0,"comment_status":"closed","ping_status":"closed","template":"","meta":[],"_links":{"self":[{"href":"http:\/\/genie-eau.com\/index.php?rest_route=\/wp\/v2\/pages\/12"}],"collection":[{"href":"http:\/\/genie-eau.com\/index.php?rest_route=\/wp\/v2\/pages"}],"about":[{"href":"http:\/\/genie-eau.com\/index.php?rest_route=\/wp\/v2\/types\/page"}],"author":[{"embeddable":true,"href":"http:\/\/genie-eau.com\/index.php?rest_route=\/wp\/v2\/users\/1"}],"replies":[{"embeddable":true,"href":"http:\/\/genie-eau.com\/index.php?rest_route=%2Fwp%2Fv2%2Fcomments&post=12"}],"version-history":[{"count":22,"href":"http:\/\/genie-eau.com\/index.php?rest_route=\/wp\/v2\/pages\/12\/revisions"}],"predecessor-version":[{"id":566,"href":"http:\/\/genie-eau.com\/index.php?rest_route=\/wp\/v2\/pages\/12\/revisions\/566"}],"wp:attachment":[{"href":"http:\/\/genie-eau.com\/index.php?rest_route=%2Fwp%2Fv2%2Fmedia&parent=12"}],"curies":[{"name":"wp","href":"https:\/\/api.w.org\/{rel}","templated":true}]}}